{"id":239,"date":"2019-03-30T03:00:48","date_gmt":"2019-03-30T02:00:48","guid":{"rendered":"https:\/\/feuerwehrverein-romanshorn.ch\/?page_id=239"},"modified":"2024-01-05T11:56:00","modified_gmt":"2024-01-05T11:56:00","slug":"schluuchfest","status":"publish","type":"page","link":"https:\/\/feuerwehrverein-romanshorn.ch\/Verein\/Wordpress\/schluuchfest\/","title":{"rendered":"Schluuchfest"},"content":{"rendered":"<p>[et_pb_section fb_built=&#8220;1&#8243; _builder_version=&#8220;4.16&#8243; global_colors_info=&#8220;{}&#8220;][et_pb_row _builder_version=&#8220;4.16&#8243; background_image=&#8220;https:\/\/feuerwehrverein-romanshorn.ch\/wp-content\/uploads\/2019\/01\/Banner_Strahlrohr-e1546357735504.jpg&#8220; parallax=&#8220;on&#8220; border_radii=&#8220;on|20px|20px|20px|20px&#8220; global_colors_info=&#8220;{}&#8220;][et_pb_column type=&#8220;4_4&#8243; _builder_version=&#8220;4.16&#8243; custom_padding=&#8220;|||&#8220; global_colors_info=&#8220;{}&#8220; custom_padding__hover=&#8220;|||&#8220;][et_pb_text _builder_version=&#8220;4.17.0&#8243; text_font=&#8220;Rammetto One||||||||&#8220; text_text_color=&#8220;#edf000&#8243; text_font_size=&#8220;91px&#8220; header_font=&#8220;Rammetto One||||||||&#8220; parallax=&#8220;on&#8220; custom_margin=&#8220;16px||&#8220; custom_padding=&#8220;122px||126px&#8220; filter_hue_rotate=&#8220;353deg&#8220; animation_style=&#8220;zoom&#8220; text_font_size_tablet=&#8220;37px&#8220; text_font_size_phone=&#8220;27px&#8220; text_font_size_last_edited=&#8220;on|desktop&#8220; text_text_shadow_style=&#8220;preset2&#8243; global_colors_info=&#8220;{}&#8220;]<\/p>\n<p style=\"text-align: center;\">Schluuchfest<\/p>\n<p>[\/et_pb_text][\/et_pb_column][\/et_pb_row][et_pb_row _builder_version=&#8220;4.17.0&#8243; _module_preset=&#8220;default&#8220; global_colors_info=&#8220;{}&#8220;][et_pb_column type=&#8220;4_4&#8243; _builder_version=&#8220;4.17.0&#8243; _module_preset=&#8220;default&#8220; global_colors_info=&#8220;{}&#8220;][et_pb_text _builder_version=&#8220;4.23.4&#8243; _module_preset=&#8220;default&#8220; text_font=&#8220;Rammetto One||||||||&#8220; text_text_color=&#8220;#000000&#8243; text_font_size=&#8220;21px&#8220; text_orientation=&#8220;center&#8220; custom_padding=&#8220;1px||1px|||&#8220; hover_enabled=&#8220;0&#8243; global_colors_info=&#8220;{}&#8220; sticky_enabled=&#8220;0&#8243;]<\/p>\n<p>Das n\u00e4chste Schluuchfest findet am Samstag 1 Juni 2024 statt.<\/p>\n<p>[\/et_pb_text][\/et_pb_column][\/et_pb_row][et_pb_row column_structure=&#8220;1_3,1_3,1_3&#8243; _builder_version=&#8220;4.16&#8243; global_colors_info=&#8220;{}&#8220;][et_pb_column type=&#8220;1_3&#8243; _builder_version=&#8220;4.16&#8243; custom_padding=&#8220;|||&#8220; global_colors_info=&#8220;{}&#8220; custom_padding__hover=&#8220;|||&#8220;][et_pb_blurb title=&#8220;Kinderspiel&#8220; use_icon=&#8220;on&#8220; font_icon=&#8220;&#xe106;||divi||400&#8243; _builder_version=&#8220;4.21.0&#8243; header_font=&#8220;Rammetto One||||||||&#8220; body_font=&#8220;Roboto Mono||||||||&#8220; animation_style=&#8220;zoom&#8220; global_colors_info=&#8220;{}&#8220;]<\/p>\n<p>Wie jedes Jahr werden auch diesmal wieder die beliebten Spiele f\u00fcr Kinder ausgetragen. Wir haben eine vielf\u00e4ltige Auswahl an unterhaltsamen Aktivit\u00e4ten und Wettbewerben vorbereitet, die Kinderaugen zum Strahlen bringen werden.<\/p>\n<p>Unser Ziel ist es, den Kindern eine unvergessliche Zeit voller Spa\u00df und Freude zu bereiten. Kommen Sie vorbei und lassen Sie Ihre Kleinen in einer sicheren und unterhaltsamen Umgebung neue Freunde finden und wertvolle Erfahrungen sammeln.<\/p>\n<p>Wir freuen uns darauf, die strahlenden Gesichter der Kinder zu sehen, wenn sie bei den Spielen mitmachen und sich begeistert in die Abenteuer st\u00fcrzen. Seien Sie dabei und erleben Sie gemeinsam mit uns einen unvergesslichen Tag voller Spiel und Spa\u00df!<\/p>\n<p>[\/et_pb_blurb][\/et_pb_column][et_pb_column type=&#8220;1_3&#8243; _builder_version=&#8220;4.16&#8243; custom_padding=&#8220;|||&#8220; global_colors_info=&#8220;{}&#8220; custom_padding__hover=&#8220;|||&#8220;][et_pb_blurb title=&#8220;Bediente Festwirtswchaft&#8220; use_icon=&#8220;on&#8220; font_icon=&#8220;&#xe106;||divi||400&#8243; _builder_version=&#8220;4.21.0&#8243; header_font=&#8220;Rammetto One||||||||&#8220; body_font=&#8220;Roboto Mono||||||||&#8220; animation_style=&#8220;zoom&#8220; global_colors_info=&#8220;{}&#8220;]<\/p>\n<p><span>Nach dem letzten Fest haben wir einige R\u00fcckmeldungen erhalten, dass es zu langen Wartezeiten bei der Essensausgabe gekommen ist. Aus diesem Grund werden wir in diesem Jahr einen Versuch starten: Sie haben die M\u00f6glichkeit, das Essen und die Getr\u00e4nke direkt an den Tischen zu bestellen. Unser Servier-Team wird Ihnen dann die bestellten Speisen und Getr\u00e4nke an den Tisch bringen. Wir hoffen, dass dieses neue System dazu beitragen wird, den Service zu verbessern und Ihnen ein angenehmeres Erlebnis zu bieten. Wir freuen uns \u00fcber Ihr Feedback zu diesem neuen Ansatz und hoffen, dass er dazu beitr\u00e4gt, die Wartezeiten zu reduzieren und Ihren Aufenthalt beim Fest noch angenehmer zu gestalten.<\/span><\/p>\n<p>[\/et_pb_blurb][\/et_pb_column][et_pb_column type=&#8220;1_3&#8243; _builder_version=&#8220;4.16&#8243; custom_padding=&#8220;|||&#8220; global_colors_info=&#8220;{}&#8220; custom_padding__hover=&#8220;|||&#8220;][et_pb_blurb title=&#8220;Schweizermeisterschaft der Jugendfeuerwehr&#8220; use_icon=&#8220;on&#8220; font_icon=&#8220;&#xe106;||divi||400&#8243; _builder_version=&#8220;4.23.4&#8243; header_font=&#8220;Rammetto One||||||||&#8220; body_font=&#8220;Roboto Mono||||||||&#8220; animation_style=&#8220;zoom&#8220; hover_enabled=&#8220;0&#8243; global_colors_info=&#8220;{}&#8220; sticky_enabled=&#8220;0&#8243;]In diesem Jahr werden sich Jugendliche aus der ganzen Schweiz in Romanshorn messen und um den Titel des Schweizermeisters der Jugendfeuerwehren k\u00e4mpfen. Nach 10 Jahren (Anl\u00e4sslich von Feuer und Wasser 2014 war Romanshorn bereits der Austragungsort der Meisterschaft) steht wieder der Spa\u00df am Wettkampf im Vordergrund. Am Samstag treten alle 20 Minuten zwei Mannschaften gegeneinander an. Die schnellsten 8 Mannschaften qualifizieren sich dann f\u00fcr die Finall\u00e4ufe, welche am Sonntag stattfinden werden. Es werden gut 300 Jugendliche und deren Betreuer in Romanshorn erwartet.[\/et_pb_blurb][\/et_pb_column][\/et_pb_row][et_pb_row disabled_on=&#8220;on|on|on&#8220; _builder_version=&#8220;4.19.5&#8243; disabled=&#8220;on&#8220; global_colors_info=&#8220;{}&#8220;][et_pb_column type=&#8220;4_4&#8243; _builder_version=&#8220;4.16&#8243; custom_padding=&#8220;|||&#8220; global_colors_info=&#8220;{}&#8220; custom_padding__hover=&#8220;|||&#8220;][et_pb_cta title=&#8220;Sponsoring&#8220; button_url=&#8220;https:\/\/feuerwehrverein-romanshorn.ch\/wp-content\/uploads\/2019\/03\/Schluuchfest-Sponsoren.pdf&#8220; button_text=&#8220;PDF Herunterladen&#8220; _builder_version=&#8220;4.16&#8243; background_image=&#8220;https:\/\/feuerwehrverein-romanshorn.ch\/wp-content\/uploads\/2019\/03\/Schluuchfest-Sponsoren.pdf&#8220; custom_margin=&#8220;-45px|||||&#8220; border_radii=&#8220;on|15px|15px|15px|15px&#8220; box_shadow_style=&#8220;preset3&#8243; global_colors_info=&#8220;{}&#8220;][\/et_pb_cta][\/et_pb_column][\/et_pb_row][\/et_pb_section]<\/p>\n","protected":false},"excerpt":{"rendered":"<p>SchluuchfestDas n\u00e4chste Schluuchfest findet am Samstag 1 Juni 2024 statt.Wie jedes Jahr werden auch diesmal wieder die beliebten Spiele f\u00fcr Kinder ausgetragen. Wir haben eine vielf\u00e4ltige Auswahl an unterhaltsamen Aktivit\u00e4ten [&hellip;]<\/p>\n","protected":false},"author":1,"featured_media":0,"parent":0,"menu_order":0,"comment_status":"closed","ping_status":"closed","template":"","meta":{"_et_pb_use_builder":"on","_et_pb_old_content":"<p>\u00a0<\/p>\n<!-- wp:divi\/placeholder \/-->","_et_gb_content_width":"","footnotes":""},"class_list":["post-239","page","type-page","status-publish","hentry"],"_links":{"self":[{"href":"https:\/\/feuerwehrverein-romanshorn.ch\/Verein\/Wordpress\/wp-json\/wp\/v2\/pages\/239","targetHints":{"allow":["GET"]}}],"collection":[{"href":"https:\/\/feuerwehrverein-romanshorn.ch\/Verein\/Wordpress\/wp-json\/wp\/v2\/pages"}],"about":[{"href":"https:\/\/feuerwehrverein-romanshorn.ch\/Verein\/Wordpress\/wp-json\/wp\/v2\/types\/page"}],"author":[{"embeddable":true,"href":"https:\/\/feuerwehrverein-romanshorn.ch\/Verein\/Wordpress\/wp-json\/wp\/v2\/users\/1"}],"replies":[{"embeddable":true,"href":"https:\/\/feuerwehrverein-romanshorn.ch\/Verein\/Wordpress\/wp-json\/wp\/v2\/comments?post=239"}],"version-history":[{"count":12,"href":"https:\/\/feuerwehrverein-romanshorn.ch\/Verein\/Wordpress\/wp-json\/wp\/v2\/pages\/239\/revisions"}],"predecessor-version":[{"id":1815,"href":"https:\/\/feuerwehrverein-romanshorn.ch\/Verein\/Wordpress\/wp-json\/wp\/v2\/pages\/239\/revisions\/1815"}],"wp:attachment":[{"href":"https:\/\/feuerwehrverein-romanshorn.ch\/Verein\/Wordpress\/wp-json\/wp\/v2\/media?parent=239"}],"curies":[{"name":"wp","href":"https:\/\/api.w.org\/{rel}","templated":true}]}}