{"id":1962,"date":"2026-05-14T19:05:40","date_gmt":"2026-05-14T17:05:40","guid":{"rendered":"https:\/\/feuerwehrverein-romanshorn.ch\/Verein\/Wordpress\/?page_id=1962"},"modified":"2026-05-14T19:06:28","modified_gmt":"2026-05-14T17:06:28","slug":"1962-2","status":"publish","type":"page","link":"https:\/\/feuerwehrverein-romanshorn.ch\/Verein\/Wordpress\/1962-2\/","title":{"rendered":"100 Jahre Saurer"},"content":{"rendered":"<p>[et_pb_section fb_built=&#8220;1&#8243; theme_builder_area=&#8220;post_content&#8220; _builder_version=&#8220;4.27.6&#8243; _module_preset=&#8220;default&#8220;][et_pb_row _builder_version=&#8220;4.27.6&#8243; _module_preset=&#8220;default&#8220; theme_builder_area=&#8220;post_content&#8220;][et_pb_column _builder_version=&#8220;4.27.6&#8243; _module_preset=&#8220;default&#8220; type=&#8220;4_4&#8243; theme_builder_area=&#8220;post_content&#8220;][et_pb_blurb title=&#8220;Save the Date&#8220; _builder_version=&#8220;4.27.6&#8243; _module_preset=&#8220;default&#8220; theme_builder_area=&#8220;post_content&#8220; hover_enabled=&#8220;0&#8243; sticky_enabled=&#8220;0&#8243;]Das Jahr 2027 steht im Zeichen des 100-j\u00e4hrigen Jubil\u00e4ums unseres Saurers. Wir werden ein Fest zum Jubil\u00e4um veranstalten. Mehr Infos folgen[\/et_pb_blurb][et_pb_gallery _builder_version=&#8220;4.27.6&#8243; _module_preset=&#8220;default&#8220; theme_builder_area=&#8220;post_content&#8220; gallery_ids=&#8220;1961,1960,1959,1958,1957,1956,1955,1954,1953,1952,1951,1950&#8243; hover_enabled=&#8220;0&#8243; sticky_enabled=&#8220;0&#8243; gallery_orderby=&#8220;rand&#8220; posts_number=&#8220;12&#8243; show_title_and_caption=&#8220;off&#8220;][\/et_pb_gallery][\/et_pb_column][\/et_pb_row][et_pb_row _builder_version=&#8220;4.27.6&#8243; _module_preset=&#8220;default&#8220; theme_builder_area=&#8220;post_content&#8220;][et_pb_column _builder_version=&#8220;4.27.6&#8243; _module_preset=&#8220;default&#8220; type=&#8220;4_4&#8243; theme_builder_area=&#8220;post_content&#8220;][\/et_pb_column][\/et_pb_row][\/et_pb_section]<\/p>\n","protected":false},"excerpt":{"rendered":"<p>Das Jahr 2027 steht im Zeichen des 100-j\u00e4hrigen Jubil\u00e4ums unseres Saurers. Wir werden ein Fest zum Jubil\u00e4um veranstalten. Mehr Infos folgen<\/p>\n","protected":false},"author":2,"featured_media":0,"parent":0,"menu_order":0,"comment_status":"closed","ping_status":"closed","template":"","meta":{"_et_pb_use_builder":"on","_et_pb_old_content":"","_et_gb_content_width":"","footnotes":""},"class_list":["post-1962","page","type-page","status-publish","hentry"],"_links":{"self":[{"href":"https:\/\/feuerwehrverein-romanshorn.ch\/Verein\/Wordpress\/wp-json\/wp\/v2\/pages\/1962","targetHints":{"allow":["GET"]}}],"collection":[{"href":"https:\/\/feuerwehrverein-romanshorn.ch\/Verein\/Wordpress\/wp-json\/wp\/v2\/pages"}],"about":[{"href":"https:\/\/feuerwehrverein-romanshorn.ch\/Verein\/Wordpress\/wp-json\/wp\/v2\/types\/page"}],"author":[{"embeddable":true,"href":"https:\/\/feuerwehrverein-romanshorn.ch\/Verein\/Wordpress\/wp-json\/wp\/v2\/users\/2"}],"replies":[{"embeddable":true,"href":"https:\/\/feuerwehrverein-romanshorn.ch\/Verein\/Wordpress\/wp-json\/wp\/v2\/comments?post=1962"}],"version-history":[{"count":3,"href":"https:\/\/feuerwehrverein-romanshorn.ch\/Verein\/Wordpress\/wp-json\/wp\/v2\/pages\/1962\/revisions"}],"predecessor-version":[{"id":1970,"href":"https:\/\/feuerwehrverein-romanshorn.ch\/Verein\/Wordpress\/wp-json\/wp\/v2\/pages\/1962\/revisions\/1970"}],"wp:attachment":[{"href":"https:\/\/feuerwehrverein-romanshorn.ch\/Verein\/Wordpress\/wp-json\/wp\/v2\/media?parent=1962"}],"curies":[{"name":"wp","href":"https:\/\/api.w.org\/{rel}","templated":true}]}}