{"id":1861,"date":"2026-02-09T20:00:39","date_gmt":"2026-02-09T19:00:39","guid":{"rendered":"https:\/\/feuerwehrverein-romanshorn.ch\/Verein\/Wordpress\/?page_id=1861"},"modified":"2026-03-03T07:22:03","modified_gmt":"2026-03-03T06:22:03","slug":"gv-2026","status":"publish","type":"page","link":"https:\/\/feuerwehrverein-romanshorn.ch\/Verein\/Wordpress\/gv-2026\/","title":{"rendered":"GV-2026"},"content":{"rendered":"<p>[et_pb_section fb_built=&#8220;1&#8243; admin_label=&#8220;Event&#8220; _builder_version=&#8220;4.24.3&#8243; _module_preset=&#8220;_initial&#8220; custom_margin=&#8220;||-54px|||&#8220; locked=&#8220;off&#8220; collapsed=&#8220;on&#8220; global_colors_info=&#8220;{%22gcid-36fd78a7-34bc-404d-873c-dafa34efaae5%22:%91%22colorStart%22%93}&#8220;][et_pb_row _builder_version=&#8220;4.18.0&#8243; _module_preset=&#8220;5138c454-be54-4233-bd3b-f8e6a8747976&#8243; global_colors_info=&#8220;{}&#8220;][et_pb_column type=&#8220;4_4&#8243; _builder_version=&#8220;4.16&#8243; _module_preset=&#8220;73121f80-a3ef-4484-8763-c3f18e3c56d2&#8243; global_colors_info=&#8220;{}&#8220;][et_pb_heading title=&#8220;Generalversammlung 2026&#8243; _builder_version=&#8220;4.24.3&#8243; _module_preset=&#8220;c33f07d9-41e0-421a-8799-5799df695cce&#8220; title_level=&#8220;h2&#8243; title_font=&#8220;Playfair Display|Playfair Display_weight|||||||&#8220; title_text_color=&#8220;#0e0c19&#8243; title_font_size=&#8220;50px&#8220; title_line_height=&#8220;1.2em&#8220; custom_margin=&#8220;||10px||false|false&#8220; title_font_size_tablet=&#8220;28px&#8220; title_font_size_phone=&#8220;20px&#8220; title_font_size_last_edited=&#8220;on|phone&#8220; locked=&#8220;off&#8220; global_colors_info=&#8220;{}&#8220;][\/et_pb_heading][et_pb_text quote_border_color=&#8220;#457b9d&#8220; _builder_version=&#8220;4.27.4&#8243; _module_preset=&#8220;ca5459fa-2abd-4000-9b59-3cb483bcc17e&#8220; text_font=&#8220;Source Sans Pro||||||||&#8220; text_text_color=&#8220;#3c3a47&#8243; text_font_size=&#8220;18px&#8220; text_line_height=&#8220;1.75em&#8220; link_text_color=&#8220;#1d3557&#8243; quote_font=&#8220;Playfair Display|700|||||||&#8220; quote_text_color=&#8220;#0e0c19&#8243; header_font=&#8220;Playfair Display|700|||||||&#8220; header_text_color=&#8220;#0e0c19&#8243; header_font_size=&#8220;72px&#8220; header_line_height=&#8220;1.15em&#8220; header_2_font=&#8220;Playfair Display|700|||||||&#8220; header_2_text_color=&#8220;#0e0c19&#8243; header_2_font_size=&#8220;50px&#8220; header_2_line_height=&#8220;1.2em&#8220; header_3_font=&#8220;Playfair Display|700|||||||&#8220; header_3_text_color=&#8220;#0e0c19&#8243; header_3_font_size=&#8220;32px&#8220; header_3_line_height=&#8220;1.3em&#8220; header_4_font=&#8220;Playfair Display|700|||||||&#8220; header_4_text_color=&#8220;#0e0c19&#8243; header_4_font_size=&#8220;24px&#8220; header_4_line_height=&#8220;1.4em&#8220; header_5_font=&#8220;Playfair Display|700|||||||&#8220; header_5_text_color=&#8220;#0e0c19&#8243; header_5_font_size=&#8220;18px&#8220; header_5_line_height=&#8220;1.4em&#8220; header_6_font=&#8220;Playfair Display|700|||||||&#8220; header_6_text_color=&#8220;#0e0c19&#8243; header_6_line_height=&#8220;1.5em&#8220; custom_margin=&#8220;||10px||false|false&#8220; text_font_size_tablet=&#8220;16px&#8220; text_font_size_phone=&#8220;14px&#8220; text_font_size_last_edited=&#8220;on|desktop&#8220; header_font_size_tablet=&#8220;40px&#8220; header_font_size_phone=&#8220;24px&#8220; header_font_size_last_edited=&#8220;on|desktop&#8220; header_2_font_size_tablet=&#8220;28px&#8220; header_2_font_size_phone=&#8220;20px&#8220; header_2_font_size_last_edited=&#8220;on|phone&#8220; header_3_font_size_tablet=&#8220;22px&#8220; header_3_font_size_phone=&#8220;17px&#8220; header_3_font_size_last_edited=&#8220;on|phone&#8220; header_4_font_size_tablet=&#8220;18px&#8220; header_4_font_size_phone=&#8220;15px&#8220; header_4_font_size_last_edited=&#8220;on|tablet&#8220; header_5_font_size_tablet=&#8220;15px&#8220; header_5_font_size_phone=&#8220;14px&#8220; header_5_font_size_last_edited=&#8220;on|desktop&#8220; header_6_font_size_tablet=&#8220;13px&#8220; header_6_font_size_phone=&#8220;13px&#8220; header_6_font_size_last_edited=&#8220;on|desktop&#8220; locked=&#8220;off&#8220; global_colors_info=&#8220;{}&#8220;]<\/p>\n<p>13. M\u00e4rz 2026<\/p>\n<p>[\/et_pb_text][et_pb_image src=&#8220;https:\/\/feuerwehrverein-romanshorn.ch\/Verein\/Wordpress\/wp-content\/uploads\/2026\/02\/large_Brueggli_Usblick_8_DSC_0797_86a854b849.jpg&#8220; title_text=&#8220;Large Brueggli Usblick 8 DSC 0797 86a854b849&#8243; align=&#8220;center&#8220; _builder_version=&#8220;4.27.5&#8243; _module_preset=&#8220;8249bb47-7bda-4c77-8a37-2a958f7a9826&#8243; max_width=&#8220;77%&#8220; border_radii=&#8220;on|6px|6px|6px|6px&#8220; locked=&#8220;off&#8220; global_colors_info=&#8220;{}&#8220;][\/et_pb_image][et_pb_text quote_border_color=&#8220;#457b9d&#8220; _builder_version=&#8220;4.24.3&#8243; _module_preset=&#8220;2c55a9c4-feed-423b-9edb-ae0b5b365cac&#8220; text_font=&#8220;Source Sans Pro|Source Sans Pro_weight|||||||&#8220; text_text_color=&#8220;#3c3a47&#8243; text_font_size=&#8220;16px&#8220; text_line_height=&#8220;1.75em&#8220; link_font=&#8220;|Source Sans Pro_weight|||||||&#8220; link_text_color=&#8220;#1d3557&#8243; quote_font=&#8220;Playfair Display|Playfair Display_weight|||||||&#8220; quote_text_color=&#8220;#0e0c19&#8243; header_font=&#8220;Playfair Display|Playfair Display_weight|||||||&#8220; header_text_color=&#8220;#0e0c19&#8243; header_font_size=&#8220;72px&#8220; header_line_height=&#8220;1.15em&#8220; header_2_font=&#8220;Playfair Display|Playfair Display_weight|||||||&#8220; header_2_text_color=&#8220;#0e0c19&#8243; header_2_font_size=&#8220;50px&#8220; header_2_line_height=&#8220;1.2em&#8220; header_3_font=&#8220;Playfair Display|Playfair Display_weight|||||||&#8220; header_3_text_color=&#8220;#0e0c19&#8243; header_3_font_size=&#8220;32px&#8220; header_3_line_height=&#8220;1.3em&#8220; header_4_font=&#8220;Playfair Display|Playfair Display_weight|||||||&#8220; header_4_text_color=&#8220;#0e0c19&#8243; header_4_font_size=&#8220;24px&#8220; header_4_line_height=&#8220;1.4em&#8220; header_5_font=&#8220;Playfair Display|Playfair Display_weight|||||||&#8220; header_5_text_color=&#8220;#0e0c19&#8243; header_5_font_size=&#8220;18px&#8220; header_5_line_height=&#8220;1.4em&#8220; header_6_font=&#8220;Playfair Display|Playfair Display_weight|||||||&#8220; header_6_text_color=&#8220;#0e0c19&#8243; header_6_line_height=&#8220;1.5em&#8220; custom_margin=&#8220;||||false|false&#8220; text_font_size_tablet=&#8220;15px&#8220; text_font_size_phone=&#8220;14px&#8220; text_font_size_last_edited=&#8220;on|phone&#8220; header_font_size_tablet=&#8220;40px&#8220; header_font_size_phone=&#8220;24px&#8220; header_font_size_last_edited=&#8220;on|desktop&#8220; header_2_font_size_tablet=&#8220;28px&#8220; header_2_font_size_phone=&#8220;20px&#8220; header_2_font_size_last_edited=&#8220;on|phone&#8220; header_3_font_size_tablet=&#8220;22px&#8220; header_3_font_size_phone=&#8220;17px&#8220; header_3_font_size_last_edited=&#8220;on|phone&#8220; header_4_font_size_tablet=&#8220;18px&#8220; header_4_font_size_phone=&#8220;15px&#8220; header_4_font_size_last_edited=&#8220;on|tablet&#8220; header_5_font_size_tablet=&#8220;15px&#8220; header_5_font_size_phone=&#8220;14px&#8220; header_5_font_size_last_edited=&#8220;on|desktop&#8220; header_6_font_size_tablet=&#8220;13px&#8220; header_6_font_size_phone=&#8220;13px&#8220; header_6_font_size_last_edited=&#8220;on|desktop&#8220; global_colors_info=&#8220;{}&#8220;]<\/p>\n<p>Seien Sie dabei, wenn wir im Br\u00fcggli in Romanshorn unsere Generalversammlung abhalten. Diskutieren Sie mit uns die Zukunft des Vereins und erfahren Sie mehr \u00fcber unsere Pl\u00e4ne f\u00fcr das kommende Jahr.<\/p>\n<p>[\/et_pb_text][\/et_pb_column][\/et_pb_row][\/et_pb_section][et_pb_section fb_built=&#8220;1&#8243; admin_label=&#8220;Data Table&#8220; _builder_version=&#8220;4.25.1&#8243; _module_preset=&#8220;default&#8220; collapsed=&#8220;on&#8220; global_colors_info=&#8220;{}&#8220;][et_pb_row _builder_version=&#8220;4.25.1&#8243; _module_preset=&#8220;default&#8220; global_colors_info=&#8220;{}&#8220;][et_pb_column type=&#8220;4_4&#8243; _builder_version=&#8220;4.25.1&#8243; _module_preset=&#8220;default&#8220; global_colors_info=&#8220;{}&#8220;][et_pb_heading title=&#8220;Dokumente zur Einsicht&#8220; _builder_version=&#8220;4.25.1&#8243; _module_preset=&#8220;c33f07d9-41e0-421a-8799-5799df695cce&#8220; title_level=&#8220;h2&#8243; title_font=&#8220;Playfair Display|Playfair Display_weight|||||||&#8220; title_text_align=&#8220;center&#8220; title_text_color=&#8220;#0e0c19&#8243; title_font_size=&#8220;50px&#8220; title_line_height=&#8220;1.2em&#8220; custom_margin=&#8220;||10px||false|false&#8220; title_font_size_tablet=&#8220;28px&#8220; title_font_size_phone=&#8220;20px&#8220; title_font_size_last_edited=&#8220;on|phone&#8220; locked=&#8220;off&#8220; global_colors_info=&#8220;{}&#8220;][\/et_pb_heading][\/et_pb_column][\/et_pb_row][et_pb_row column_structure=&#8220;1_2,1_2&#8243; _builder_version=&#8220;4.27.5&#8243; _module_preset=&#8220;default&#8220; border_color_all=&#8220;rgba(0,0,0,0.08)&#8220; border_width_bottom=&#8220;2px&#8220; global_colors_info=&#8220;{}&#8220;][et_pb_column type=&#8220;1_2&#8243; _builder_version=&#8220;4.25.1&#8243; _module_preset=&#8220;default&#8220; global_colors_info=&#8220;{}&#8220;][et_pb_heading title=&#8220;Protokoll der letzten GV&#8220; _builder_version=&#8220;4.25.1&#8243; _module_preset=&#8220;a3805066-8711-43c7-9f62-5782da0e9f7a&#8220; title_level=&#8220;h5&#8243; title_font=&#8220;Playfair Display|Playfair Display_weight|||||||&#8220; title_text_color=&#8220;#0e0c19&#8243; title_font_size=&#8220;18px&#8220; title_line_height=&#8220;1.4em&#8220; custom_margin=&#8220;||10px||false|false&#8220; title_text_align_tablet=&#8220;center&#8220; title_text_align_phone=&#8220;center&#8220; title_text_align_last_edited=&#8220;on|tablet&#8220; title_font_size_tablet=&#8220;15px&#8220; title_font_size_phone=&#8220;14px&#8220; title_font_size_last_edited=&#8220;on|phone&#8220; global_colors_info=&#8220;{}&#8220;][\/et_pb_heading][\/et_pb_column][et_pb_column type=&#8220;1_2&#8243; _builder_version=&#8220;4.25.1&#8243; _module_preset=&#8220;default&#8220; global_colors_info=&#8220;{}&#8220;][et_pb_blurb title=&#8220;Download&#8220; use_icon=&#8220;on&#8220; font_icon=&#8220;&#xf704;||fa||400&#8243; icon_color=&#8220;#457b9d&#8220; image_icon_width=&#8220;32px&#8220; content_max_width=&#8220;100%&#8220; _builder_version=&#8220;4.27.5&#8243; _module_preset=&#8220;212b201d-2c34-41bd-936c-851b7357d08b&#8220; header_font=&#8220;Playfair Display|Playfair Display_weight|||||||&#8220; header_text_color=&#8220;#0e0c19&#8243; header_font_size=&#8220;18px&#8220; header_line_height=&#8220;1.4em&#8220; body_font=&#8220;Source Sans Pro|Source Sans Pro_weight|||||||&#8220; body_text_color=&#8220;#3c3a47&#8243; body_font_size=&#8220;16px&#8220; body_line_height=&#8220;1.75em&#8220; body_link_text_color=&#8220;#1d3557&#8243; background_mask_style=&#8220;triangles&#8220; image_icon_custom_margin=&#8220;||||false|false&#8220; image_icon_custom_padding=&#8220;||||false|false&#8220; text_orientation=&#8220;center&#8220; animation=&#8220;off&#8220; link_option_url=&#8220;https:\/\/feuerwehrverein-romanshorn.ch\/Verein\/Wordpress\/wp-content\/uploads\/2026\/02\/Protokoll-GV-2025.pdf&#8220; link_option_url_new_window=&#8220;on&#8220; header_font_size_tablet=&#8220;15px&#8220; header_font_size_phone=&#8220;13px&#8220; header_font_size_last_edited=&#8220;on|phone&#8220; body_font_size_tablet=&#8220;15px&#8220; body_font_size_phone=&#8220;14px&#8220; body_font_size_last_edited=&#8220;on|desktop&#8220; custom_css_blurb_image=&#8220;margin-bottom: 0;&#8220; border_radii_image=&#8220;on|6px|6px|6px|6px&#8220; global_colors_info=&#8220;{%22#1d3557%22:%91%22body_link_text_color%22,%22body_link_text_color%22%93,%22#0e0c19%22:%91%22header_text_color%22,%22header_text_color%22%93,%22#3c3a47%22:%91%22body_text_color%22,%22body_text_color%22%93,%22#457b9d%22:%91%22icon_color%22%93}&#8220;][\/et_pb_blurb][\/et_pb_column][\/et_pb_row][et_pb_row column_structure=&#8220;1_2,1_2&#8243; _builder_version=&#8220;4.27.5&#8243; _module_preset=&#8220;default&#8220; border_color_all=&#8220;rgba(0,0,0,0.08)&#8220; border_width_bottom=&#8220;2px&#8220; global_colors_info=&#8220;{}&#8220;][et_pb_column type=&#8220;1_2&#8243; _builder_version=&#8220;4.25.1&#8243; _module_preset=&#8220;default&#8220; global_colors_info=&#8220;{}&#8220;][et_pb_heading title=&#8220;Budget 2026&#8243; _builder_version=&#8220;4.25.1&#8243; _module_preset=&#8220;a3805066-8711-43c7-9f62-5782da0e9f7a&#8220; title_level=&#8220;h5&#8243; title_font=&#8220;Playfair Display|Playfair Display_weight|||||||&#8220; title_text_color=&#8220;#0e0c19&#8243; title_font_size=&#8220;18px&#8220; title_line_height=&#8220;1.4em&#8220; custom_margin=&#8220;||10px||false|false&#8220; title_text_align_tablet=&#8220;center&#8220; title_text_align_phone=&#8220;center&#8220; title_text_align_last_edited=&#8220;on|tablet&#8220; title_font_size_tablet=&#8220;15px&#8220; title_font_size_phone=&#8220;14px&#8220; title_font_size_last_edited=&#8220;on|phone&#8220; global_colors_info=&#8220;{}&#8220;][\/et_pb_heading][\/et_pb_column][et_pb_column type=&#8220;1_2&#8243; _builder_version=&#8220;4.25.1&#8243; _module_preset=&#8220;default&#8220; global_colors_info=&#8220;{}&#8220;][et_pb_blurb title=&#8220;Download&#8220; use_icon=&#8220;on&#8220; font_icon=&#8220;&#xf53d;||fa||900&#8243; icon_color=&#8220;#457b9d&#8220; image_icon_width=&#8220;32px&#8220; content_max_width=&#8220;100%&#8220; _builder_version=&#8220;4.27.5&#8243; _module_preset=&#8220;212b201d-2c34-41bd-936c-851b7357d08b&#8220; header_font=&#8220;Playfair Display|Playfair Display_weight|||||||&#8220; header_text_color=&#8220;#0e0c19&#8243; header_font_size=&#8220;18px&#8220; header_line_height=&#8220;1.4em&#8220; body_font=&#8220;Source Sans Pro|Source Sans Pro_weight|||||||&#8220; body_text_color=&#8220;#3c3a47&#8243; body_font_size=&#8220;16px&#8220; body_line_height=&#8220;1.75em&#8220; body_link_text_color=&#8220;#1d3557&#8243; background_color=&#8220;#FFFFFF&#8220; background_mask_style=&#8220;triangles&#8220; image_icon_custom_margin=&#8220;||||false|false&#8220; image_icon_custom_padding=&#8220;||||false|false&#8220; text_orientation=&#8220;center&#8220; animation=&#8220;off&#8220; hover_enabled=&#8220;0&#8243; header_font_size_tablet=&#8220;15px&#8220; header_font_size_phone=&#8220;13px&#8220; header_font_size_last_edited=&#8220;on|phone&#8220; body_font_size_tablet=&#8220;15px&#8220; body_font_size_phone=&#8220;14px&#8220; body_font_size_last_edited=&#8220;on|desktop&#8220; custom_css_blurb_image=&#8220;margin-bottom: 0;&#8220; border_radii_image=&#8220;on|6px|6px|6px|6px&#8220; global_colors_info=&#8220;{%22#1d3557%22:%91%22body_link_text_color%22,%22body_link_text_color%22%93,%22#0e0c19%22:%91%22header_text_color%22,%22header_text_color%22%93,%22#3c3a47%22:%91%22body_text_color%22,%22body_text_color%22%93,%22#457b9d%22:%91%22icon_color%22%93}&#8220; url=&#8220;https:\/\/feuerwehrverein-romanshorn.ch\/Verein\/Wordpress\/wp-content\/uploads\/2026\/03\/FWVR_BudgetundRechnung2025.pdf&#8220; url_new_window=&#8220;on&#8220; sticky_enabled=&#8220;0&#8243;][\/et_pb_blurb][\/et_pb_column][\/et_pb_row][et_pb_row column_structure=&#8220;1_2,1_2&#8243; _builder_version=&#8220;4.27.5&#8243; _module_preset=&#8220;default&#8220; border_color_all=&#8220;rgba(0,0,0,0.08)&#8220; border_width_bottom=&#8220;2px&#8220; global_colors_info=&#8220;{}&#8220;][et_pb_column type=&#8220;1_2&#8243; _builder_version=&#8220;4.25.1&#8243; _module_preset=&#8220;default&#8220; global_colors_info=&#8220;{}&#8220;][et_pb_heading title=&#8220;Entwurf Statuten 2026&#8243; _builder_version=&#8220;4.27.5&#8243; _module_preset=&#8220;a3805066-8711-43c7-9f62-5782da0e9f7a&#8220; title_level=&#8220;h5&#8243; title_font=&#8220;Playfair Display|Playfair Display_weight|||||||&#8220; title_text_color=&#8220;#0e0c19&#8243; title_font_size=&#8220;18px&#8220; title_line_height=&#8220;1.4em&#8220; custom_margin=&#8220;||10px||false|false&#8220; title_text_align_tablet=&#8220;center&#8220; title_text_align_phone=&#8220;center&#8220; title_text_align_last_edited=&#8220;on|tablet&#8220; title_font_size_tablet=&#8220;15px&#8220; title_font_size_phone=&#8220;14px&#8220; title_font_size_last_edited=&#8220;on|phone&#8220; global_colors_info=&#8220;{}&#8220;][\/et_pb_heading][\/et_pb_column][et_pb_column type=&#8220;1_2&#8243; _builder_version=&#8220;4.25.1&#8243; _module_preset=&#8220;default&#8220; global_colors_info=&#8220;{}&#8220;][et_pb_blurb title=&#8220;Download&#8220; url_new_window=&#8220;on&#8220; use_icon=&#8220;on&#8220; font_icon=&#8220;&#xf65e;||fa||900&#8243; icon_color=&#8220;#457b9d&#8220; image_icon_width=&#8220;32px&#8220; content_max_width=&#8220;100%&#8220; _builder_version=&#8220;4.27.5&#8243; _module_preset=&#8220;212b201d-2c34-41bd-936c-851b7357d08b&#8220; header_font=&#8220;Playfair Display|Playfair Display_weight|||||||&#8220; header_text_color=&#8220;#0e0c19&#8243; header_font_size=&#8220;18px&#8220; header_line_height=&#8220;1.4em&#8220; body_font=&#8220;Source Sans Pro|Source Sans Pro_weight|||||||&#8220; body_text_color=&#8220;#3c3a47&#8243; body_font_size=&#8220;16px&#8220; body_line_height=&#8220;1.75em&#8220; body_link_text_color=&#8220;#1d3557&#8243; background_mask_style=&#8220;triangles&#8220; image_icon_custom_margin=&#8220;||||false|false&#8220; image_icon_custom_padding=&#8220;||||false|false&#8220; text_orientation=&#8220;center&#8220; animation=&#8220;off&#8220; link_option_url=&#8220;https:\/\/feuerwehrverein-romanshorn.ch\/Verein\/Wordpress\/wp-content\/uploads\/2026\/02\/Revision-Statuten-FWVfinal14_1_26.pdf&#8220; header_font_size_tablet=&#8220;15px&#8220; header_font_size_phone=&#8220;13px&#8220; header_font_size_last_edited=&#8220;on|phone&#8220; body_font_size_tablet=&#8220;15px&#8220; body_font_size_phone=&#8220;14px&#8220; body_font_size_last_edited=&#8220;on|desktop&#8220; custom_css_blurb_image=&#8220;margin-bottom: 0;&#8220; border_radii_image=&#8220;on|6px|6px|6px|6px&#8220; global_colors_info=&#8220;{%22#1d3557%22:%91%22body_link_text_color%22,%22body_link_text_color%22%93,%22#0e0c19%22:%91%22header_text_color%22,%22header_text_color%22%93,%22#3c3a47%22:%91%22body_text_color%22,%22body_text_color%22%93,%22#457b9d%22:%91%22icon_color%22%93}&#8220;][\/et_pb_blurb][\/et_pb_column][\/et_pb_row][\/et_pb_section][et_pb_section fb_built=&#8220;1&#8243; admin_label=&#8220;Call to Action&#8220; _builder_version=&#8220;4.24.2&#8243; _module_preset=&#8220;default&#8220; background_color=&#8220;#1d3557&#8243; custom_padding=&#8220;10px||10px||true|false&#8220; locked=&#8220;off&#8220; collapsed=&#8220;on&#8220; global_colors_info=&#8220;{%22#1d3557%22:%91%22background_color%22%93}&#8220;][et_pb_row column_structure=&#8220;2_3,1_3&#8243; _builder_version=&#8220;4.24.2&#8243; _module_preset=&#8220;5138c454-be54-4233-bd3b-f8e6a8747976&#8243; global_colors_info=&#8220;{}&#8220;][et_pb_column type=&#8220;2_3&#8243; _builder_version=&#8220;4.18.0&#8243; _module_preset=&#8220;73121f80-a3ef-4484-8763-c3f18e3c56d2&#8243; global_colors_info=&#8220;{}&#8220;][et_pb_blurb title=&#8220;Nehmen Sie an der Generalversammlung teil!&#8220; use_icon=&#8220;on&#8220; font_icon=&#8220;&#xf1d8;||fa||400&#8243; icon_color=&#8220;#FFFFFF&#8220; icon_placement=&#8220;left&#8220; image_icon_width=&#8220;40px&#8220; content_max_width=&#8220;100%&#8220; _builder_version=&#8220;4.24.3&#8243; _module_preset=&#8220;ca79a742-981f-479f-a8a2-3a0292efaff0&#8243; header_font=&#8220;Playfair Display|Playfair Display_weight|||||||&#8220; header_text_color=&#8220;#FFFFFF&#8220; header_font_size=&#8220;18px&#8220; header_line_height=&#8220;1.4em&#8220; body_font=&#8220;Source Sans Pro|Source Sans Pro_weight|||||||&#8220; body_text_color=&#8220;#FFFFFF&#8220; body_font_size=&#8220;16px&#8220; body_line_height=&#8220;1.75em&#8220; body_link_font=&#8220;||||on||||&#8220; body_link_text_color=&#8220;#FFFFFF&#8220; background_mask_style=&#8220;triangles&#8220; animation=&#8220;off&#8220; header_font_size_tablet=&#8220;15px&#8220; header_font_size_phone=&#8220;14px&#8220; header_font_size_last_edited=&#8220;on|phone&#8220; body_font_size_tablet=&#8220;15px&#8220; body_font_size_phone=&#8220;14px&#8220; body_font_size_last_edited=&#8220;on|desktop&#8220; border_radii_image=&#8220;on|6px|6px|6px|6px&#8220; global_colors_info=&#8220;{%22gcid-f2943306-fa6c-45f0-b632-5fc00151366a%22:%91%22button_text_color%22%93,%22gcid-36fd78a7-34bc-404d-873c-dafa34efaae5%22:%91%22button_text_color%22%93}&#8220;]<\/p>\n<p>Verpassen Sie nicht die Gelegenheit, an der Generalversammlung teilzunehmen und Ihre Stimme f\u00fcr die Zukunft des Vereins abzugeben. Ihre Meinung z\u00e4hlt!<\/p>\n<p>[\/et_pb_blurb][\/et_pb_column][et_pb_column type=&#8220;1_3&#8243; _builder_version=&#8220;4.18.0&#8243; _module_preset=&#8220;73121f80-a3ef-4484-8763-c3f18e3c56d2&#8243; global_colors_info=&#8220;{}&#8220;][et_pb_button button_url=&#8220;https:\/\/nuudel.digitalcourage.de\/FjtTQmLy5eEZ2ZOR&#8220; url_new_window=&#8220;on&#8220; button_text=&#8220;Jetzt teilnehmen&#8220; button_alignment=&#8220;right&#8220; button_alignment_tablet=&#8220;left&#8220; button_alignment_phone=&#8220;left&#8220; button_alignment_last_edited=&#8220;on|tablet&#8220; _builder_version=&#8220;4.27.4&#8243; _module_preset=&#8220;ab15fb74-61a3-43aa-96b3-41e09aeef654&#8243; custom_button=&#8220;on&#8220; button_text_size=&#8220;14px&#8220; button_text_color=&#8220;#457b9d&#8220; button_bg_color=&#8220;#FFFFFF&#8220; button_border_width=&#8220;0px&#8220; button_border_radius=&#8220;100px&#8220; button_font=&#8220;Source Sans Pro|700|||||||&#8220; custom_padding=&#8220;12px|24px|12px|24px|true|true&#8220; locked=&#8220;off&#8220; global_colors_info=&#8220;{%22#457b9d%22:%91%22button_text_color%22%93}&#8220;][\/et_pb_button][\/et_pb_column][\/et_pb_row][\/et_pb_section]<\/p>\n","protected":false},"excerpt":{"rendered":"<p>13. M\u00e4rz 2026Seien Sie dabei, wenn wir im Br\u00fcggli in Romanshorn unsere Generalversammlung abhalten. Diskutieren Sie mit uns die Zukunft des Vereins und erfahren Sie mehr \u00fcber unsere Pl\u00e4ne f\u00fcr [&hellip;]<\/p>\n","protected":false},"author":2,"featured_media":0,"parent":0,"menu_order":0,"comment_status":"closed","ping_status":"closed","template":"","meta":{"_et_pb_use_builder":"on","_et_pb_old_content":"","_et_gb_content_width":"","footnotes":""},"class_list":["post-1861","page","type-page","status-publish","hentry"],"_links":{"self":[{"href":"https:\/\/feuerwehrverein-romanshorn.ch\/Verein\/Wordpress\/wp-json\/wp\/v2\/pages\/1861","targetHints":{"allow":["GET"]}}],"collection":[{"href":"https:\/\/feuerwehrverein-romanshorn.ch\/Verein\/Wordpress\/wp-json\/wp\/v2\/pages"}],"about":[{"href":"https:\/\/feuerwehrverein-romanshorn.ch\/Verein\/Wordpress\/wp-json\/wp\/v2\/types\/page"}],"author":[{"embeddable":true,"href":"https:\/\/feuerwehrverein-romanshorn.ch\/Verein\/Wordpress\/wp-json\/wp\/v2\/users\/2"}],"replies":[{"embeddable":true,"href":"https:\/\/feuerwehrverein-romanshorn.ch\/Verein\/Wordpress\/wp-json\/wp\/v2\/comments?post=1861"}],"version-history":[{"count":10,"href":"https:\/\/feuerwehrverein-romanshorn.ch\/Verein\/Wordpress\/wp-json\/wp\/v2\/pages\/1861\/revisions"}],"predecessor-version":[{"id":1897,"href":"https:\/\/feuerwehrverein-romanshorn.ch\/Verein\/Wordpress\/wp-json\/wp\/v2\/pages\/1861\/revisions\/1897"}],"wp:attachment":[{"href":"https:\/\/feuerwehrverein-romanshorn.ch\/Verein\/Wordpress\/wp-json\/wp\/v2\/media?parent=1861"}],"curies":[{"name":"wp","href":"https:\/\/api.w.org\/{rel}","templated":true}]}}