{"id":1262,"date":"2022-04-08T19:04:13","date_gmt":"2022-04-08T19:04:13","guid":{"rendered":"https:\/\/feuerwehrverein-romanshorn.ch\/Verein\/Wordpress\/?page_id=1262"},"modified":"2025-10-28T20:51:51","modified_gmt":"2025-10-28T19:51:51","slug":"1262-2","status":"publish","type":"page","link":"https:\/\/feuerwehrverein-romanshorn.ch\/Verein\/Wordpress\/","title":{"rendered":"Homepage_2022"},"content":{"rendered":"<p>[et_pb_section fb_built=&#8220;1&#8243; fullwidth=&#8220;on&#8220; _builder_version=&#8220;4.16&#8243; animation_style=&#8220;slide&#8220; animation_direction=&#8220;top&#8220; animation_intensity_slide=&#8220;2%&#8220; animation_starting_opacity=&#8220;100%&#8220; global_colors_info=&#8220;{}&#8220;][et_pb_fullwidth_header title=&#8220;Feuerwehrverein Romanshorn&#8220; content_max_width=&#8220;700px&#8220; _builder_version=&#8220;4.17.0&#8243; title_font=&#8220;Rammetto One||||||||&#8220; title_font_size=&#8220;51px&#8220; title_line_height=&#8220;1.2em&#8220; content_font=&#8220;Roboto Mono||||||||&#8220; content_font_size=&#8220;11px&#8220; content_line_height=&#8220;1.8em&#8220; background_color=&#8220;rgba(255, 255, 255, 0)&#8220; use_background_color_gradient=&#8220;on&#8220; background_color_gradient_direction=&#8220;90deg&#8220; background_color_gradient_stops=&#8220;rgba(0,0,0,0.75) 0%|rgba(0,0,0,0) 100%&#8220; background_color_gradient_overlays_image=&#8220;on&#8220; background_color_gradient_start=&#8220;rgba(0,0,0,0.75)&#8220; background_color_gradient_end=&#8220;rgba(0,0,0,0)&#8220; background_image=&#8220;https:\/\/feuerwehrverein-romanshorn.ch\/Verein\/Wordpress\/wp-content\/uploads\/2019\/01\/Banner_Strahlrohr.jpg&#8220; custom_margin=&#8220;|||&#8220; custom_padding=&#8220;12%||12%|&#8220; title_font_size_tablet=&#8220;51px&#8220; title_font_size_phone=&#8220;21px&#8220; title_font_size_last_edited=&#8220;on|desktop&#8220; box_shadow_style_image=&#8220;preset1&#8243; button_one_letter_spacing_hover=&#8220;1px&#8220; button_two_letter_spacing_hover=&#8220;1px&#8220; global_colors_info=&#8220;{}&#8220; button_one_text_size__hover_enabled=&#8220;off&#8220; button_two_text_size__hover_enabled=&#8220;off&#8220; button_one_text_color__hover_enabled=&#8220;off&#8220; button_two_text_color__hover_enabled=&#8220;off&#8220; button_one_border_width__hover_enabled=&#8220;off&#8220; button_two_border_width__hover_enabled=&#8220;off&#8220; button_one_border_color__hover_enabled=&#8220;off&#8220; button_two_border_color__hover_enabled=&#8220;off&#8220; button_one_border_radius__hover_enabled=&#8220;off&#8220; button_two_border_radius__hover_enabled=&#8220;off&#8220; button_one_letter_spacing__hover_enabled=&#8220;on&#8220; button_one_letter_spacing__hover=&#8220;1px&#8220; button_two_letter_spacing__hover_enabled=&#8220;on&#8220; button_two_letter_spacing__hover=&#8220;1px&#8220; button_one_bg_color__hover_enabled=&#8220;off&#8220; button_two_bg_color__hover_enabled=&#8220;off&#8220;]<\/p>\n<p>&nbsp;<\/p>\n<p>F\u00fcr den kameradschaftlichen Teil der Feuerwehr.<\/p>\n<p>&nbsp;<\/p>\n<p>[\/et_pb_fullwidth_header][\/et_pb_section][et_pb_section fb_built=&#8220;1&#8243; admin_label=&#8220;Market Information Section&#8220; _builder_version=&#8220;4.16&#8243; custom_padding=&#8220;0px||0px|||&#8220; global_colors_info=&#8220;{}&#8220;][et_pb_row _builder_version=&#8220;4.17.0&#8243; _module_preset=&#8220;default&#8220; global_colors_info=&#8220;{}&#8220;][et_pb_column type=&#8220;4_4&#8243; _builder_version=&#8220;4.16&#8243; _module_preset=&#8220;default&#8220; global_colors_info=&#8220;{}&#8220;][et_pb_text admin_label=&#8220;Title&#8220; _builder_version=&#8220;4.17.0&#8243; text_font=&#8220;Rammetto One|700|||||||&#8220; text_text_color=&#8220;#E02B20&#8243; text_font_size=&#8220;26px&#8220; header_font=&#8220;||||||||&#8220; header_2_font=&#8220;Lato||||||||&#8220; header_2_font_size=&#8220;36px&#8220; header_2_line_height=&#8220;1.5em&#8220; text_orientation=&#8220;center&#8220; custom_padding=&#8220;|||&#8220; animation_direction=&#8220;left&#8220; text_orientation_tablet=&#8220;center&#8220; text_orientation_phone=&#8220;center&#8220; text_orientation_last_edited=&#8220;on|desktop&#8220; global_colors_info=&#8220;{}&#8220;]<\/p>\n<p>Warum ein Verein<\/p>\n<p>[\/et_pb_text][et_pb_text _builder_version=&#8220;4.16&#8243; _module_preset=&#8220;default&#8220; text_font=&#8220;Roboto Mono||||||||&#8220; global_colors_info=&#8220;{}&#8220;]<\/p>\n<p><span>Wer Feuerwehrdienst leistet, nimmt die Pflicht auf sich, jederzeit aufzur\u00fccken, unangenehme Arbeiten auszuf\u00fchren,\u00a0 und schlussendlich einen betr\u00e4chtlichen Teil seiner Freizeit f\u00fcr \u00dcbungen aufzuwenden. Um im Ernstfall bestehen zu k\u00f6nnen, muss man auf eine Kameradschaft z\u00e4hlen k\u00f6nnen, auf die man sich verlassen und bauen kann. Die Pflege der Kameradschaft konzentriert sich bei den aktiven Feuerwehrangeh\u00f6rigen erfahrungsgem\u00e4\u00df nur auf die Z\u00fcge bzw. Gruppen. Mit 50 Jahren, also im besten Alter, werden die \u00e4lteren, routinierten Firefigther aus der Feuerwehr entlassen. Viele vermissen danach diese Kameradschaft sehr, um welche uns viele andere Vereine beneiden<\/span><\/p>\n<p>[\/et_pb_text][\/et_pb_column][\/et_pb_row][et_pb_row admin_label=&#8220;Market Information Title Area&#8220; _builder_version=&#8220;4.16&#8243; global_colors_info=&#8220;{}&#8220;][et_pb_column type=&#8220;4_4&#8243; _builder_version=&#8220;4.16&#8243; custom_padding=&#8220;|||&#8220; global_colors_info=&#8220;{}&#8220; custom_padding__hover=&#8220;|||&#8220;][et_pb_text admin_label=&#8220;Title&#8220; _builder_version=&#8220;4.16&#8243; text_font=&#8220;Rammetto One|700|||||||&#8220; text_text_color=&#8220;#E02B20&#8243; text_font_size=&#8220;26px&#8220; header_font=&#8220;||||||||&#8220; header_2_font=&#8220;Lato||||||||&#8220; header_2_font_size=&#8220;36px&#8220; header_2_line_height=&#8220;1.5em&#8220; text_orientation=&#8220;center&#8220; custom_padding=&#8220;|||&#8220; animation_direction=&#8220;left&#8220; text_orientation_tablet=&#8220;center&#8220; text_orientation_phone=&#8220;center&#8220; text_orientation_last_edited=&#8220;on|desktop&#8220; global_colors_info=&#8220;{}&#8220;]<\/p>\n<p>Ziel des Vereins<\/p>\n<p>[\/et_pb_text][et_pb_text _builder_version=&#8220;4.16&#8243; text_font=&#8220;Roboto Mono||||||||&#8220; text_line_height=&#8220;1.8em&#8220; header_font=&#8220;||||||||&#8220; animation_style=&#8220;flip&#8220; animation_direction=&#8220;left&#8220; animation_intensity_flip=&#8220;20%&#8220; animation_starting_opacity=&#8220;100%&#8220; global_colors_info=&#8220;{}&#8220;]<\/p>\n<p><span>Durch die Organisation von geselligen und kulturellen Anl\u00e4ssen ist der Verein bestrebt, den Zusammenhang und die Kameradschaft zwischen ehemaligen und aktiven Angeh\u00f6rigen der Feuerwehr Romanshorn zu pflegen und zu f\u00f6rdern. Nebst diesem will der Verein die Feuerwehr Romanshorn bei PR-Anl\u00e4ssen unterst\u00fctzen und einen Beitrag an die Nachwuchsf\u00f6rderung leisten.<\/span><\/p>\n<p>[\/et_pb_text][\/et_pb_column][\/et_pb_row][\/et_pb_section][et_pb_section fb_built=&#8220;1&#8243; _builder_version=&#8220;4.16&#8243; _module_preset=&#8220;default&#8220; background_color=&#8220;#E02B20&#8243; use_background_color_gradient=&#8220;on&#8220; background_color_gradient_stops=&#8220;#e02b20 0%|#edf000 100%&#8220; background_color_gradient_start=&#8220;#e02b20&#8243; background_color_gradient_end=&#8220;#edf000&#8243; min_height=&#8220;562.5px&#8220; global_colors_info=&#8220;{}&#8220;][et_pb_row _builder_version=&#8220;4.16&#8243; _module_preset=&#8220;default&#8220; min_height=&#8220;608.5px&#8220; custom_margin=&#8220;-65px|auto||auto||&#8220; global_colors_info=&#8220;{}&#8220;][et_pb_column type=&#8220;4_4&#8243; _builder_version=&#8220;4.16&#8243; _module_preset=&#8220;default&#8220; global_colors_info=&#8220;{}&#8220;][et_pb_image src=&#8220;https:\/\/feuerwehrverein-romanshorn.ch\/Verein\/Wordpress\/wp-content\/uploads\/2022\/08\/Gruppenfoto_Homepage.jpg&#8220; title_text=&#8220;Gruppenfoto_Homepage&#8220; _builder_version=&#8220;4.17.4&#8243; _module_preset=&#8220;default&#8220; global_colors_info=&#8220;{}&#8220;][\/et_pb_image][et_pb_text _builder_version=&#8220;4.17.4&#8243; _module_preset=&#8220;default&#8220; text_font=&#8220;Roboto Mono||||||||&#8220; text_text_color=&#8220;#000000&#8243; text_font_size=&#8220;12px&#8220; text_text_shadow_style=&#8220;preset1&#8243; global_colors_info=&#8220;{}&#8220;]<\/p>\n<p>Der Vorstand des Vereins besteht aus 7 Mitgliedern. Von links nach rechts und vorne und hinten:<\/p>\n<ul>\n<li>Michi Huser ( Personal )<\/li>\n<li>Pascal Nyffenegger ( Pr\u00e4sident )<\/li>\n<li>Markus Kappeler ( Bau )<\/li>\n<li>Claude Tsch\u00e4ppeler ( Aktuar )<\/li>\n<li>Rainer Rothe ( Kassier )<\/li>\n<li>Thomas Sonderegger ( Festwirtschaft )<\/li>\n<li>Raphi Maurer ( Beisitzer )<\/li>\n<\/ul>\n<p>Der Pr\u00e4sident wird einzeln von der Generalversammlung gew\u00e4hlt, w\u00e4hrend die restlichen Mitglieder einmalig in den Vorstand gew\u00e4hlt werden, um dann alle 2 Jahre gemeinsam best\u00e4tigt zu werden<\/p>\n<p>[\/et_pb_text][\/et_pb_column][\/et_pb_row][\/et_pb_section][et_pb_section fb_built=&#8220;1&#8243; _builder_version=&#8220;4.21.0&#8243; _module_preset=&#8220;default&#8220; global_colors_info=&#8220;{}&#8220;][et_pb_row column_structure=&#8220;1_2,1_2&#8243; _builder_version=&#8220;4.21.0&#8243; _module_preset=&#8220;default&#8220; global_colors_info=&#8220;{}&#8220;][et_pb_column type=&#8220;1_2&#8243; _builder_version=&#8220;4.21.0&#8243; _module_preset=&#8220;default&#8220; global_colors_info=&#8220;{}&#8220;][dsm_facebook_feed fb_page_url=&#8220;https:\/\/www.facebook.com\/feuerwehrverein.romanshorn&#8220; fb_width=&#8220;460px&#8220; _builder_version=&#8220;4.21.0&#8243; _module_preset=&#8220;default&#8220; global_colors_info=&#8220;{}&#8220;][\/dsm_facebook_feed][\/et_pb_column][et_pb_column type=&#8220;1_2&#8243; _builder_version=&#8220;4.21.0&#8243; _module_preset=&#8220;default&#8220; global_colors_info=&#8220;{}&#8220;][dsm_typing_effect before_typing_effect=&#8220;News:&#8220; typing_effect=&#8220;Sehen Sie was \u00fcber uns auf Facebook zu finden ist.&#8220; typing_shuffle=&#8220;on&#8220; _builder_version=&#8220;4.21.0&#8243; _module_preset=&#8220;default&#8220; global_colors_info=&#8220;{}&#8220;][\/dsm_typing_effect][\/et_pb_column][\/et_pb_row][\/et_pb_section][et_pb_section fb_built=&#8220;1&#8243; fullwidth=&#8220;on&#8220; _builder_version=&#8220;4.27.4&#8243; _module_preset=&#8220;default&#8220; global_colors_info=&#8220;{}&#8220;][\/et_pb_section][et_pb_section fb_built=&#8220;1&#8243; admin_label=&#8220;Blog Section&#8220; _builder_version=&#8220;4.16&#8243; background_color=&#8220;#f7f7f7&#8243; parallax=&#8220;on&#8220; min_height=&#8220;595.1px&#8220; custom_padding=&#8220;0px||54px|||&#8220; global_colors_info=&#8220;{}&#8220;][et_pb_row column_structure=&#8220;1_3,2_3&#8243; admin_label=&#8220;Blog Title Area&#8220; _builder_version=&#8220;4.16&#8243; min_height=&#8220;65px&#8220; locked=&#8220;off&#8220; global_colors_info=&#8220;{}&#8220;][et_pb_column type=&#8220;1_3&#8243; _builder_version=&#8220;4.16&#8243; custom_padding=&#8220;|||&#8220; global_colors_info=&#8220;{}&#8220; custom_padding__hover=&#8220;|||&#8220;][et_pb_text admin_label=&#8220;Title&#8220; _builder_version=&#8220;4.17.0&#8243; text_font=&#8220;Rammetto One|700|||||||&#8220; text_text_color=&#8220;#E02B20&#8243; text_font_size=&#8220;26px&#8220; header_font=&#8220;||||||||&#8220; header_2_font=&#8220;Lato||||||||&#8220; header_2_font_size=&#8220;36px&#8220; header_2_line_height=&#8220;1.5em&#8220; text_orientation=&#8220;center&#8220; custom_padding=&#8220;|||&#8220; animation_direction=&#8220;left&#8220; text_orientation_tablet=&#8220;center&#8220; text_orientation_phone=&#8220;center&#8220; text_orientation_last_edited=&#8220;on|desktop&#8220; global_colors_info=&#8220;{}&#8220;]<\/p>\n<p>News<\/p>\n<p>[\/et_pb_text][\/et_pb_column][et_pb_column type=&#8220;2_3&#8243; _builder_version=&#8220;4.16&#8243; custom_padding=&#8220;|||&#8220; global_colors_info=&#8220;{}&#8220; custom_padding__hover=&#8220;|||&#8220;][et_pb_text _builder_version=&#8220;4.17.0&#8243; text_font=&#8220;Roboto Mono||||||||&#8220; text_font_size=&#8220;16px&#8220; text_line_height=&#8220;1.8em&#8220; header_font=&#8220;||||||||&#8220; text_orientation=&#8220;center&#8220; custom_padding=&#8220;4px|||||&#8220; animation_style=&#8220;flip&#8220; animation_direction=&#8220;left&#8220; animation_intensity_flip=&#8220;20%&#8220; animation_starting_opacity=&#8220;100%&#8220; text_font_size_tablet=&#8220;16px&#8220; text_font_size_phone=&#8220;10px&#8220; text_font_size_last_edited=&#8220;on|phone&#8220; global_colors_info=&#8220;{}&#8220;]<\/p>\n<p>Hier finden Sie die neusten Infos zu unserem Verein.<\/p>\n<p>[\/et_pb_text][\/et_pb_column][\/et_pb_row][et_pb_row admin_label=&#8220;Blog Area&#8220; _builder_version=&#8220;4.16&#8243; min_height=&#8220;439.5px&#8220; custom_padding=&#8220;0px|||||&#8220; global_colors_info=&#8220;{}&#8220;][et_pb_column type=&#8220;4_4&#8243; _builder_version=&#8220;4.16&#8243; custom_padding=&#8220;|||&#8220; global_colors_info=&#8220;{}&#8220; custom_padding__hover=&#8220;|||&#8220;][et_pb_blog fullwidth=&#8220;off&#8220; posts_number=&#8220;3&#8243; include_categories=&#8220;5&#8243; show_thumbnail=&#8220;off&#8220; show_more=&#8220;on&#8220; show_author=&#8220;off&#8220; show_categories=&#8220;off&#8220; _builder_version=&#8220;4.17.4&#8243; header_font=&#8220;Rammetto One||||||||&#8220; header_font_size=&#8220;22px&#8220; header_line_height=&#8220;1.2em&#8220; body_font=&#8220;Roboto Mono||||||||&#8220; body_font_size=&#8220;16px&#8220; body_line_height=&#8220;1.8em&#8220; meta_font=&#8220;|700||on|||||&#8220; meta_text_color=&#8220;#8b96a1&#8243; meta_letter_spacing=&#8220;1px&#8220; background_color=&#8220;rgba(247,247,247,0)&#8220; custom_padding=&#8220;|||&#8220; animation_style=&#8220;fade&#8220; animation_direction=&#8220;bottom&#8220; animation_starting_opacity=&#8220;100%&#8220; header_font_size_tablet=&#8220;22px&#8220; header_font_size_phone=&#8220;16px&#8220; header_font_size_last_edited=&#8220;on|phone&#8220; body_font_size_tablet=&#8220;16px&#8220; body_font_size_phone=&#8220;12px&#8220; body_font_size_last_edited=&#8220;on|phone&#8220; border_width_all=&#8220;1px&#8220; border_color_all=&#8220;#d8d8d8&#8243; border_style_all=&#8220;solid&#8220; border_width_all_fullwidth=&#8220;1px&#8220; border_color_all_fullwidth=&#8220;#d8d8d8&#8243; border_style_all_fullwidth=&#8220;solid&#8220; box_shadow_style=&#8220;preset3&#8243; box_shadow_color=&#8220;rgba(0,0,0,0.15)&#8220; use_border_color=&#8220;on&#8220; global_colors_info=&#8220;{}&#8220;][\/et_pb_blog][\/et_pb_column][\/et_pb_row][\/et_pb_section][et_pb_section fb_built=&#8220;1&#8243; _builder_version=&#8220;4.17.0&#8243; _module_preset=&#8220;default&#8220; min_height=&#8220;921.4px&#8220; custom_margin=&#8220;-4px||0px||false|false&#8220; custom_padding=&#8220;0px|||||&#8220; global_colors_info=&#8220;{}&#8220;][et_pb_row _builder_version=&#8220;4.17.0&#8243; background_color=&#8220;#EDF000&#8243; width=&#8220;100%&#8220; custom_margin=&#8220;1px|auto|-7px|auto||&#8220; custom_padding=&#8220;||16px|||&#8220; box_shadow_style=&#8220;preset2&#8243; locked=&#8220;off&#8220; global_colors_info=&#8220;{}&#8220;][et_pb_column type=&#8220;4_4&#8243; _builder_version=&#8220;4.16&#8243; custom_padding=&#8220;|||&#8220; global_colors_info=&#8220;{}&#8220; custom_padding__hover=&#8220;|||&#8220;][et_pb_text _builder_version=&#8220;4.17.0&#8243; _module_preset=&#8220;default&#8220; text_font=&#8220;Rammetto One|700|||||||&#8220; text_text_color=&#8220;#E02B20&#8243; text_font_size=&#8220;26px&#8220; header_font=&#8220;||||||||&#8220; header_2_font=&#8220;Lato||||||||&#8220; header_2_font_size=&#8220;36px&#8220; header_2_line_height=&#8220;1.5em&#8220; text_orientation=&#8220;center&#8220; custom_padding=&#8220;|||&#8220; text_font_size_tablet=&#8220;26px&#8220; text_font_size_phone=&#8220;18px&#8220; text_font_size_last_edited=&#8220;on|phone&#8220; text_orientation_tablet=&#8220;center&#8220; text_orientation_phone=&#8220;center&#8220; text_orientation_last_edited=&#8220;on|desktop&#8220; global_colors_info=&#8220;{}&#8220;]<\/p>\n<p>Unsere n\u00e4chsten Anl\u00e4sse:<\/p>\n<p>[\/et_pb_text][et_pb_text _builder_version=&#8220;4.17.0&#8243; min_height=&#8220;771.2px&#8220; custom_margin=&#8220;-42px|29px|24px|29px||&#8220; custom_padding=&#8220;||8px|||&#8220; global_colors_info=&#8220;{}&#8220;]<\/p>\n<div id=\"ect-no-events\"><p>There are no upcoming events at this time<\/p><\/div>\n<p>[\/et_pb_text][\/et_pb_column][\/et_pb_row][\/et_pb_section][et_pb_section fb_built=&#8220;1&#8243; _builder_version=&#8220;4.17.0&#8243; _module_preset=&#8220;default&#8220; custom_margin=&#8220;-61px|||||&#8220; custom_padding=&#8220;0px||0px||false|false&#8220; global_colors_info=&#8220;{}&#8220;][et_pb_row column_structure=&#8220;1_3,1_3,1_3&#8243; _builder_version=&#8220;4.17.0&#8243; background_color=&#8220;#e02b20&#8243; width=&#8220;100%&#8220; min_height=&#8220;634.9px&#8220; custom_margin=&#8220;0px|auto|0px|auto|false|false&#8220; custom_margin_tablet=&#8220;-28px||&#8220; custom_margin_phone=&#8220;0px||||false|false&#8220; custom_margin_last_edited=&#8220;on|desktop&#8220; custom_padding=&#8220;29px||2px||false|false&#8220; animation_style=&#8220;slide&#8220; border_color_all=&#8220;#e02b20&#8243; box_shadow_style=&#8220;preset2&#8243; use_custom_width=&#8220;on&#8220; custom_width_px=&#8220;1458px&#8220; locked=&#8220;off&#8220; global_colors_info=&#8220;{}&#8220;][et_pb_column type=&#8220;1_3&#8243; _builder_version=&#8220;4.16&#8243; custom_padding=&#8220;|||&#8220; global_colors_info=&#8220;{}&#8220; custom_padding__hover=&#8220;|||&#8220;][et_pb_blurb title=&#8220;Tradition&#8220; image=&#8220;https:\/\/feuerwehrverein-romanshorn.ch\/wp-content\/uploads\/2018\/12\/Folie1.jpg&#8220; image_icon_width=&#8220;79%&#8220; _builder_version=&#8220;4.17.0&#8243; header_font=&#8220;Rammetto One||||||||&#8220; header_text_align=&#8220;center&#8220; header_text_color=&#8220;#000000&#8243; body_font=&#8220;Roboto Mono||||||||&#8220; body_text_color=&#8220;#ffffff&#8220; custom_margin=&#8220;0px|||24px|false|false&#8220; header_text_shadow_style=&#8220;preset1&#8243; body_text_shadow_style=&#8220;preset2&#8243; text_shadow_style=&#8220;preset2&#8243; image_max_width=&#8220;79%&#8220; global_colors_info=&#8220;{}&#8220;]<\/p>\n<p>Umz\u00fcge durch die Stadt, wie hier im Bild 1976 waren und sind ein wichtiger Bestandteil des Feuerwehrvereins. Die strahlenden Augen der Kinder und nat\u00fcrlich auch der Erwachsenen, welche teilweise an ihre aktive Zeit in der Feuerwehr zur\u00fcckdenken, zeigen dass die Feuerwehr einen ganz besonderen Stellenwert in unserer Gesellschaft hat.<\/p>\n<p>[\/et_pb_blurb][\/et_pb_column][et_pb_column type=&#8220;1_3&#8243; _builder_version=&#8220;4.16&#8243; custom_padding=&#8220;|||&#8220; global_colors_info=&#8220;{}&#8220; custom_padding__hover=&#8220;|||&#8220;][et_pb_blurb title=&#8220;Anl\u00e4sse&#8220; image=&#8220;https:\/\/feuerwehrverein-romanshorn.ch\/wp-content\/uploads\/2019\/01\/BRANDHEISS.TV_140524_01336.jpg&#8220; image_icon_width=&#8220;79%&#8220; _builder_version=&#8220;4.16&#8243; header_font=&#8220;Rammetto One||||||||&#8220; header_text_align=&#8220;center&#8220; header_text_color=&#8220;#000000&#8243; body_font=&#8220;Roboto Mono||||||||&#8220; body_text_color=&#8220;#ffffff&#8220; min_height=&#8220;506.2px&#8220; custom_margin=&#8220;-3px|||||&#8220; header_text_shadow_style=&#8220;preset1&#8243; body_text_shadow_style=&#8220;preset2&#8243; text_shadow_style=&#8220;preset2&#8243; image_max_width=&#8220;79%&#8220; global_colors_info=&#8220;{}&#8220;]<\/p>\n<p>Unvergesslich das Feuer und Wasser welches im Jahre 2014 tausende Feuerwehrbegeisterte in unsere Stadt brachte.<br \/>Auch das traditionelle &#8222;Schluuchfest&#8220;, welches immer Anfangs Juni stattfindet, ist bei Gro\u00df und Klein ein &#8222;Musstermin&#8220; im Jahr. Die kleinen erfreuen sich an den Kinderspielen und den Oldtimerfahrten, w\u00e4hrend die Eltern sich \u00fcber die neusten Ger\u00e4te\/ Fahrzeuge in der Feuerwehr informieren k\u00f6nnen. Und verhungert oder verdurstet ist bis jetzt auch noch niemand, dank der legend\u00e4ren Festwirtschaft.<\/p>\n<p>[\/et_pb_blurb][\/et_pb_column][et_pb_column type=&#8220;1_3&#8243; _builder_version=&#8220;4.16&#8243; custom_padding=&#8220;|||&#8220; global_colors_info=&#8220;{}&#8220; custom_padding__hover=&#8220;|||&#8220;][et_pb_blurb title=&#8220;Reisen&#8220; image=&#8220;https:\/\/feuerwehrverein-romanshorn.ch\/wp-content\/uploads\/2019\/01\/Reise-Feuerwehrverein-003.jpg&#8220; image_icon_width=&#8220;79%&#8220; _builder_version=&#8220;4.16&#8243; header_font=&#8220;Rammetto One||||||||&#8220; header_text_align=&#8220;center&#8220; header_text_color=&#8220;#000000&#8243; body_font=&#8220;Roboto Mono||||||||&#8220; body_text_color=&#8220;#ffffff&#8220; min_height=&#8220;506.2px&#8220; custom_margin=&#8220;-3px|||||&#8220; header_text_shadow_style=&#8220;preset1&#8243; body_text_shadow_style=&#8220;preset2&#8243; text_shadow_style=&#8220;preset2&#8243; image_max_width=&#8220;79%&#8220; global_colors_info=&#8220;{}&#8220;]<\/p>\n<p>Die alle zwei Jahre stattfindende Reise ist immer ein H\u00f6hepunkt f\u00fcr alle aktiven und passiven Mitglieder des Feuerwehrvereins. Eine gute Gelegenheit neue Orte zu entdecken und immer auch ein Garant f\u00fcr Geschichten, welche Jahre sp\u00e4ter auch immer noch gerne erz\u00e4hlt werden.<\/p>\n<p>[\/et_pb_blurb][\/et_pb_column][\/et_pb_row][\/et_pb_section]<\/p>\n","protected":false},"excerpt":{"rendered":"<p>&nbsp; F\u00fcr den kameradschaftlichen Teil der Feuerwehr. &nbsp;Warum ein VereinWer Feuerwehrdienst leistet, nimmt die Pflicht auf sich, jederzeit aufzur\u00fccken, unangenehme Arbeiten auszuf\u00fchren,\u00a0 und schlussendlich einen betr\u00e4chtlichen Teil seiner Freizeit f\u00fcr [&hellip;]<\/p>\n","protected":false},"author":2,"featured_media":0,"parent":0,"menu_order":0,"comment_status":"closed","ping_status":"closed","template":"","meta":{"_et_pb_use_builder":"on","_et_pb_old_content":"","_et_gb_content_width":"","footnotes":""},"class_list":["post-1262","page","type-page","status-publish","hentry"],"_links":{"self":[{"href":"https:\/\/feuerwehrverein-romanshorn.ch\/Verein\/Wordpress\/wp-json\/wp\/v2\/pages\/1262","targetHints":{"allow":["GET"]}}],"collection":[{"href":"https:\/\/feuerwehrverein-romanshorn.ch\/Verein\/Wordpress\/wp-json\/wp\/v2\/pages"}],"about":[{"href":"https:\/\/feuerwehrverein-romanshorn.ch\/Verein\/Wordpress\/wp-json\/wp\/v2\/types\/page"}],"author":[{"embeddable":true,"href":"https:\/\/feuerwehrverein-romanshorn.ch\/Verein\/Wordpress\/wp-json\/wp\/v2\/users\/2"}],"replies":[{"embeddable":true,"href":"https:\/\/feuerwehrverein-romanshorn.ch\/Verein\/Wordpress\/wp-json\/wp\/v2\/comments?post=1262"}],"version-history":[{"count":27,"href":"https:\/\/feuerwehrverein-romanshorn.ch\/Verein\/Wordpress\/wp-json\/wp\/v2\/pages\/1262\/revisions"}],"predecessor-version":[{"id":1858,"href":"https:\/\/feuerwehrverein-romanshorn.ch\/Verein\/Wordpress\/wp-json\/wp\/v2\/pages\/1262\/revisions\/1858"}],"wp:attachment":[{"href":"https:\/\/feuerwehrverein-romanshorn.ch\/Verein\/Wordpress\/wp-json\/wp\/v2\/media?parent=1262"}],"curies":[{"name":"wp","href":"https:\/\/api.w.org\/{rel}","templated":true}]}}